{"id":18,"date":"2023-12-27T17:30:36","date_gmt":"2023-12-27T17:30:36","guid":{"rendered":"https:\/\/pppa-arquitectura.com\/?page_id=18"},"modified":"2023-12-28T11:35:33","modified_gmt":"2023-12-28T11:35:33","slug":"home","status":"publish","type":"page","link":"https:\/\/pppa-arquitectura.com\/","title":{"rendered":"Home"},"content":{"rendered":"<p>[et_pb_section fb_built=&#8221;1&#8243; _builder_version=&#8221;4.23.3&#8243; _module_preset=&#8221;default&#8221; background_color=&#8221;RGBA(255,255,255,0)&#8221; custom_padding=&#8221;0px||0px||true|false&#8221; global_colors_info=&#8221;{}&#8221;][et_pb_row _builder_version=&#8221;4.23.3&#8243; _module_preset=&#8221;default&#8221; width=&#8221;100%&#8221; max_width=&#8221;100%&#8221; custom_padding=&#8221;0px||0px||true|false&#8221; global_colors_info=&#8221;{}&#8221;][et_pb_column type=&#8221;4_4&#8243; _builder_version=&#8221;4.23.3&#8243; _module_preset=&#8221;default&#8221; global_colors_info=&#8221;{}&#8221;][et_pb_image src=&#8221;https:\/\/pppa-arquitectura.com\/wp-content\/uploads\/2023\/12\/logo-icon3.webp&#8221; title_text=&#8221;logo-icon3&#8243; show_bottom_space=&#8221;off&#8221; align=&#8221;center&#8221; _builder_version=&#8221;4.23.3&#8243; _module_preset=&#8221;default&#8221; background_color=&#8221;RGBA(255,255,255,0)&#8221; positioning=&#8221;absolute&#8221; position_origin_a=&#8221;top_center&#8221; z_index=&#8221;999999&#8243; width=&#8221;70px&#8221; custom_padding=&#8221;20px||20px||true|false&#8221; hover_enabled=&#8221;0&#8243; global_colors_info=&#8221;{}&#8221; sticky_enabled=&#8221;0&#8243;][\/et_pb_image][et_pb_slider show_arrows=&#8221;off&#8221; show_pagination=&#8221;off&#8221; use_bg_overlay=&#8221;on&#8221; bg_overlay_color=&#8221;rgba(0,0,0,0.5)&#8221; use_text_overlay=&#8221;off&#8221; arrows_custom_color=&#8221;#FFFFFF&#8221; _builder_version=&#8221;4.23.3&#8243; _module_preset=&#8221;default&#8221; header_font_size=&#8221;5vw&#8221; body_font_size=&#8221;16px&#8221; body_line_height=&#8221;1.8em&#8221; custom_button=&#8221;on&#8221; button_text_size=&#8221;16px&#8221; button_bg_color=&#8221;#000000&#8243; button_border_width=&#8221;0px&#8221; button_border_radius=&#8221;0px&#8221; button_font=&#8221;|||on|||||&#8221; button_use_icon=&#8221;off&#8221; button_custom_padding=&#8221;15px|30px|15px|30px|true|true&#8221; content_max_width=&#8221;90%&#8221; min_height=&#8221;100vh&#8221; animation_style=&#8221;fade&#8221; animation_duration=&#8221;0ms&#8221; animation_starting_opacity=&#8221;100%&#8221; auto=&#8221;on&#8221; auto_speed=&#8221;5000&#8243; auto_ignore_hover=&#8221;on&#8221; header_font_size_tablet=&#8221;40px&#8221; header_font_size_phone=&#8221;40px&#8221; header_font_size_last_edited=&#8221;on|desktop&#8221; custom_css_slide_description=&#8221;text-shadow:none ! important&#8221; custom_css_slide_title=&#8221;text-shadow:none ! important&#8221; custom_css_slide_arrows=&#8221;font-size: 8vw !important;||margin-top: -4vw;&#8221; box_shadow_style_image=&#8221;preset4&#8243; box_shadow_horizontal_image=&#8221;-8vw&#8221; box_shadow_vertical_image=&#8221;-8vw&#8221; box_shadow_spread_image=&#8221;-6.5vw&#8221; box_shadow_color_image=&#8221;#000000&#8243; global_colors_info=&#8221;{}&#8221; button_bg_color__hover_enabled=&#8221;on|desktop&#8221; button_bg_color__hover=&#8221;rgba(0,0,0,0.71)&#8221; button_bg_enable_color__hover=&#8221;on&#8221;][et_pb_slide heading=&#8221;PPPA Arquitectura&#8221; button_text=&#8221;Contactar&#8221; button_link=&#8221;mailto:geral@pppa-arquitectura.com&#8221; admin_title=&#8221;0404-1&#8243; _builder_version=&#8221;4.23.3&#8243; _module_preset=&#8221;default&#8221; background_color=&#8221;#FFFFFF&#8221; background_enable_color=&#8221;on&#8221; background_image=&#8221;https:\/\/pppa-arquitectura.com\/wp-content\/uploads\/2023\/12\/0404_02-copy-scaled.webp&#8221; background_enable_image=&#8221;on&#8221; global_colors_info=&#8221;{}&#8221; sticky_transition=&#8221;on&#8221;]Avenida Repatriamento dos Poveiros 273,<br \/>\n4490-404 P\u00f3voa de Varzim<br \/>\nTel. 91 096 04 52<br \/>\ngeral@pppa-arquitectura.com[\/et_pb_slide][et_pb_slide heading=&#8221;PPPA Arquitectura&#8221; button_text=&#8221;Contactar&#8221; button_link=&#8221;mailto:geral@pppa-arquitectura.com&#8221; admin_title=&#8221;0404-2&#8243; _builder_version=&#8221;4.23.3&#8243; _module_preset=&#8221;default&#8221; background_color=&#8221;#FFFFFF&#8221; background_enable_color=&#8221;on&#8221; background_image=&#8221;https:\/\/pppa-arquitectura.com\/wp-content\/uploads\/2023\/12\/0404_01-copy-scaled.webp&#8221; background_enable_image=&#8221;on&#8221; global_colors_info=&#8221;{}&#8221; sticky_transition=&#8221;on&#8221;]Avenida Repatriamento dos Poveiros 273,<br \/>\n4490-404 P\u00f3voa de Varzim<br \/>\nTel. 91 096 04 52<br \/>\ngeral@pppa-arquitectura.com[\/et_pb_slide][et_pb_slide heading=&#8221;PPPA Arquitectura&#8221; button_text=&#8221;Contactar&#8221; button_link=&#8221;mailto:geral@pppa-arquitectura.com&#8221; admin_title=&#8221;0404-3&#8243; _builder_version=&#8221;4.23.3&#8243; _module_preset=&#8221;default&#8221; background_color=&#8221;#FFFFFF&#8221; background_enable_color=&#8221;on&#8221; background_image=&#8221;https:\/\/pppa-arquitectura.com\/wp-content\/uploads\/2023\/12\/0404_03-copy-scaled.webp&#8221; background_enable_image=&#8221;on&#8221; global_colors_info=&#8221;{}&#8221; sticky_transition=&#8221;on&#8221;]Avenida Repatriamento dos Poveiros 273,<br \/>\n4490-404 P\u00f3voa de Varzim<br \/>\nTel. 91 096 04 52<br \/>\ngeral@pppa-arquitectura.com[\/et_pb_slide][et_pb_slide heading=&#8221;PPPA Arquitectura&#8221; button_text=&#8221;Contactar&#8221; button_link=&#8221;mailto:geral@pppa-arquitectura.com&#8221; admin_title=&#8221;0638-1&#8243; _builder_version=&#8221;4.23.3&#8243; _module_preset=&#8221;default&#8221; background_color=&#8221;#FFFFFF&#8221; background_enable_color=&#8221;on&#8221; background_image=&#8221;https:\/\/pppa-arquitectura.com\/wp-content\/uploads\/2023\/12\/0638_01-copy-scaled.webp&#8221; background_enable_image=&#8221;on&#8221; global_colors_info=&#8221;{}&#8221; sticky_transition=&#8221;on&#8221;]Avenida Repatriamento dos Poveiros 273,<br \/>\n4490-404 P\u00f3voa de Varzim<br \/>\nTel. 91 096 04 52<br \/>\ngeral@pppa-arquitectura.com[\/et_pb_slide][et_pb_slide heading=&#8221;PPPA Arquitectura&#8221; button_text=&#8221;Contactar&#8221; button_link=&#8221;mailto:geral@pppa-arquitectura.com&#8221; admin_title=&#8221;0638-2&#8243; _builder_version=&#8221;4.23.3&#8243; _module_preset=&#8221;default&#8221; background_color=&#8221;#FFFFFF&#8221; background_enable_color=&#8221;on&#8221; background_image=&#8221;https:\/\/pppa-arquitectura.com\/wp-content\/uploads\/2023\/12\/0638_02-copy-scaled.webp&#8221; background_enable_image=&#8221;on&#8221; global_colors_info=&#8221;{}&#8221; sticky_transition=&#8221;on&#8221;]Avenida Repatriamento dos Poveiros 273,<br \/>\n4490-404 P\u00f3voa de Varzim<br \/>\nTel. 91 096 04 52<br \/>\ngeral@pppa-arquitectura.com[\/et_pb_slide][et_pb_slide heading=&#8221;PPPA Arquitectura&#8221; button_text=&#8221;Contactar&#8221; button_link=&#8221;mailto:geral@pppa-arquitectura.com&#8221; admin_title=&#8221;0638-3&#8243; _builder_version=&#8221;4.23.3&#8243; _module_preset=&#8221;default&#8221; background_color=&#8221;#FFFFFF&#8221; background_enable_color=&#8221;on&#8221; background_image=&#8221;https:\/\/pppa-arquitectura.com\/wp-content\/uploads\/2023\/12\/0638_03-copy-scaled.webp&#8221; background_enable_image=&#8221;on&#8221; global_colors_info=&#8221;{}&#8221; sticky_transition=&#8221;on&#8221;]Avenida Repatriamento dos Poveiros 273,<br \/>\n4490-404 P\u00f3voa de Varzim<br \/>\nTel. 91 096 04 52<br \/>\ngeral@pppa-arquitectura.com[\/et_pb_slide][et_pb_slide heading=&#8221;PPPA Arquitectura&#8221; button_text=&#8221;Contactar&#8221; button_link=&#8221;mailto:geral@pppa-arquitectura.com&#8221; admin_title=&#8221;0638-4&#8243; _builder_version=&#8221;4.23.3&#8243; _module_preset=&#8221;default&#8221; background_color=&#8221;#FFFFFF&#8221; background_enable_color=&#8221;on&#8221; background_image=&#8221;https:\/\/pppa-arquitectura.com\/wp-content\/uploads\/2023\/12\/0638_04-copy-scaled.webp&#8221; background_enable_image=&#8221;on&#8221; global_colors_info=&#8221;{}&#8221; sticky_transition=&#8221;on&#8221;]Avenida Repatriamento dos Poveiros 273,<br \/>\n4490-404 P\u00f3voa de Varzim<br \/>\nTel. 91 096 04 52<br \/>\ngeral@pppa-arquitectura.com[\/et_pb_slide][et_pb_slide heading=&#8221;PPPA Arquitectura&#8221; button_text=&#8221;Contactar&#8221; button_link=&#8221;mailto:geral@pppa-arquitectura.com&#8221; admin_title=&#8221;0638-5&#8243; _builder_version=&#8221;4.23.3&#8243; _module_preset=&#8221;default&#8221; background_color=&#8221;#FFFFFF&#8221; background_enable_color=&#8221;on&#8221; background_image=&#8221;https:\/\/pppa-arquitectura.com\/wp-content\/uploads\/2023\/12\/0638_05-copy-scaled.webp&#8221; background_enable_image=&#8221;on&#8221; global_colors_info=&#8221;{}&#8221; sticky_transition=&#8221;on&#8221;]Avenida Repatriamento dos Poveiros 273,<br \/>\n4490-404 P\u00f3voa de Varzim<br \/>\nTel. 91 096 04 52<br \/>\ngeral@pppa-arquitectura.com[\/et_pb_slide][et_pb_slide heading=&#8221;PPPA Arquitectura&#8221; button_text=&#8221;Contactar&#8221; button_link=&#8221;mailto:geral@pppa-arquitectura.com&#8221; admin_title=&#8221;0638-6&#8243; _builder_version=&#8221;4.23.3&#8243; _module_preset=&#8221;default&#8221; background_color=&#8221;#FFFFFF&#8221; background_enable_color=&#8221;on&#8221; background_image=&#8221;https:\/\/pppa-arquitectura.com\/wp-content\/uploads\/2023\/12\/0638_06-copy-scaled.webp&#8221; background_enable_image=&#8221;on&#8221; global_colors_info=&#8221;{}&#8221; sticky_transition=&#8221;on&#8221;]Avenida Repatriamento dos Poveiros 273,<br \/>\n4490-404 P\u00f3voa de Varzim<br \/>\nTel. 91 096 04 52<br \/>\ngeral@pppa-arquitectura.com[\/et_pb_slide][et_pb_slide heading=&#8221;PPPA Arquitectura&#8221; button_text=&#8221;Contactar&#8221; button_link=&#8221;mailto:geral@pppa-arquitectura.com&#8221; admin_title=&#8221;0710-1&#8243; _builder_version=&#8221;4.23.3&#8243; _module_preset=&#8221;default&#8221; background_color=&#8221;#FFFFFF&#8221; background_enable_color=&#8221;on&#8221; background_image=&#8221;https:\/\/pppa-arquitectura.com\/wp-content\/uploads\/2023\/12\/0710_01-copy.webp&#8221; background_enable_image=&#8221;on&#8221; global_colors_info=&#8221;{}&#8221; sticky_transition=&#8221;on&#8221;]Avenida Repatriamento dos Poveiros 273,<br \/>\n4490-404 P\u00f3voa de Varzim<br \/>\nTel. 91 096 04 52<br \/>\ngeral@pppa-arquitectura.com[\/et_pb_slide][et_pb_slide heading=&#8221;PPPA Arquitectura&#8221; button_text=&#8221;Contactar&#8221; button_link=&#8221;mailto:geral@pppa-arquitectura.com&#8221; admin_title=&#8221;0710-2&#8243; _builder_version=&#8221;4.23.3&#8243; _module_preset=&#8221;default&#8221; background_color=&#8221;#FFFFFF&#8221; background_enable_color=&#8221;on&#8221; background_image=&#8221;https:\/\/pppa-arquitectura.com\/wp-content\/uploads\/2023\/12\/0710_02-copy.webp&#8221; background_enable_image=&#8221;on&#8221; global_colors_info=&#8221;{}&#8221; sticky_transition=&#8221;on&#8221;]Avenida Repatriamento dos Poveiros 273,<br \/>\n4490-404 P\u00f3voa de Varzim<br \/>\nTel. 91 096 04 52<br \/>\ngeral@pppa-arquitectura.com[\/et_pb_slide][et_pb_slide heading=&#8221;PPPA Arquitectura&#8221; button_text=&#8221;Contactar&#8221; button_link=&#8221;mailto:geral@pppa-arquitectura.com&#8221; admin_title=&#8221;0710-3&#8243; _builder_version=&#8221;4.23.3&#8243; _module_preset=&#8221;default&#8221; background_color=&#8221;#FFFFFF&#8221; background_enable_color=&#8221;on&#8221; background_image=&#8221;https:\/\/pppa-arquitectura.com\/wp-content\/uploads\/2023\/12\/0710_03-copy.webp&#8221; background_enable_image=&#8221;on&#8221; global_colors_info=&#8221;{}&#8221; sticky_transition=&#8221;on&#8221;]Avenida Repatriamento dos Poveiros 273,<br \/>\n4490-404 P\u00f3voa de Varzim<br \/>\nTel. 91 096 04 52<br \/>\ngeral@pppa-arquitectura.com[\/et_pb_slide][et_pb_slide heading=&#8221;PPPA Arquitectura&#8221; button_text=&#8221;Contactar&#8221; button_link=&#8221;mailto:geral@pppa-arquitectura.com&#8221; admin_title=&#8221;0803-1&#8243; _builder_version=&#8221;4.23.3&#8243; _module_preset=&#8221;default&#8221; background_color=&#8221;#FFFFFF&#8221; background_enable_color=&#8221;on&#8221; background_image=&#8221;https:\/\/pppa-arquitectura.com\/wp-content\/uploads\/2023\/12\/0803_01-copy.webp&#8221; background_enable_image=&#8221;on&#8221; global_colors_info=&#8221;{}&#8221; sticky_transition=&#8221;on&#8221;]Avenida Repatriamento dos Poveiros 273,<br \/>\n4490-404 P\u00f3voa de Varzim<br \/>\nTel. 91 096 04 52<br \/>\ngeral@pppa-arquitectura.com[\/et_pb_slide][et_pb_slide heading=&#8221;PPPA Arquitectura&#8221; button_text=&#8221;Contactar&#8221; button_link=&#8221;mailto:geral@pppa-arquitectura.com&#8221; admin_title=&#8221;0803-2&#8243; _builder_version=&#8221;4.23.3&#8243; _module_preset=&#8221;default&#8221; background_color=&#8221;#FFFFFF&#8221; background_enable_color=&#8221;on&#8221; background_image=&#8221;https:\/\/pppa-arquitectura.com\/wp-content\/uploads\/2023\/12\/0803_02-copy-scaled.webp&#8221; background_enable_image=&#8221;on&#8221; global_colors_info=&#8221;{}&#8221; sticky_transition=&#8221;on&#8221;]Avenida Repatriamento dos Poveiros 273,<br \/>\n4490-404 P\u00f3voa de Varzim<br \/>\nTel. 91 096 04 52<br \/>\ngeral@pppa-arquitectura.com[\/et_pb_slide][et_pb_slide heading=&#8221;PPPA Arquitectura&#8221; button_text=&#8221;Contactar&#8221; button_link=&#8221;mailto:geral@pppa-arquitectura.com&#8221; admin_title=&#8221;0803-3&#8243; _builder_version=&#8221;4.23.3&#8243; _module_preset=&#8221;default&#8221; background_color=&#8221;#FFFFFF&#8221; background_enable_color=&#8221;on&#8221; background_image=&#8221;https:\/\/pppa-arquitectura.com\/wp-content\/uploads\/2023\/12\/0803_03-copy-scaled.webp&#8221; background_enable_image=&#8221;on&#8221; global_colors_info=&#8221;{}&#8221; sticky_transition=&#8221;on&#8221;]Avenida Repatriamento dos Poveiros 273,<br \/>\n4490-404 P\u00f3voa de Varzim<br \/>\nTel. 91 096 04 52<br \/>\ngeral@pppa-arquitectura.com[\/et_pb_slide][et_pb_slide heading=&#8221;PPPA Arquitectura&#8221; button_text=&#8221;Contactar&#8221; button_link=&#8221;mailto:geral@pppa-arquitectura.com&#8221; admin_title=&#8221;0803-4&#8243; _builder_version=&#8221;4.23.3&#8243; _module_preset=&#8221;default&#8221; background_color=&#8221;#FFFFFF&#8221; background_enable_color=&#8221;on&#8221; background_image=&#8221;https:\/\/pppa-arquitectura.com\/wp-content\/uploads\/2023\/12\/0803_04-copy-scaled.webp&#8221; background_enable_image=&#8221;on&#8221; global_colors_info=&#8221;{}&#8221; sticky_transition=&#8221;on&#8221;]Avenida Repatriamento dos Poveiros 273,<br \/>\n4490-404 P\u00f3voa de Varzim<br \/>\nTel. 91 096 04 52<br \/>\ngeral@pppa-arquitectura.com[\/et_pb_slide][et_pb_slide heading=&#8221;PPPA Arquitectura&#8221; button_text=&#8221;Contactar&#8221; button_link=&#8221;mailto:geral@pppa-arquitectura.com&#8221; admin_title=&#8221;0803-5&#8243; _builder_version=&#8221;4.23.3&#8243; _module_preset=&#8221;default&#8221; background_color=&#8221;#FFFFFF&#8221; background_enable_color=&#8221;on&#8221; background_image=&#8221;https:\/\/pppa-arquitectura.com\/wp-content\/uploads\/2023\/12\/0803_05-copy-scaled.webp&#8221; background_enable_image=&#8221;on&#8221; global_colors_info=&#8221;{}&#8221; sticky_transition=&#8221;on&#8221;]Avenida Repatriamento dos Poveiros 273,<br \/>\n4490-404 P\u00f3voa de Varzim<br \/>\nTel. 91 096 04 52<br \/>\ngeral@pppa-arquitectura.com[\/et_pb_slide][et_pb_slide heading=&#8221;PPPA Arquitectura&#8221; button_text=&#8221;Contactar&#8221; button_link=&#8221;mailto:geral@pppa-arquitectura.com&#8221; admin_title=&#8221;0803-6&#8243; _builder_version=&#8221;4.23.3&#8243; _module_preset=&#8221;default&#8221; background_color=&#8221;#FFFFFF&#8221; background_enable_color=&#8221;on&#8221; background_image=&#8221;https:\/\/pppa-arquitectura.com\/wp-content\/uploads\/2023\/12\/0803_06-copy-scaled.webp&#8221; background_enable_image=&#8221;on&#8221; global_colors_info=&#8221;{}&#8221; sticky_transition=&#8221;on&#8221;]Avenida Repatriamento dos Poveiros 273,<br \/>\n4490-404 P\u00f3voa de Varzim<br \/>\nTel. 91 096 04 52<br \/>\ngeral@pppa-arquitectura.com[\/et_pb_slide][et_pb_slide heading=&#8221;PPPA Arquitectura&#8221; button_text=&#8221;Contactar&#8221; button_link=&#8221;mailto:geral@pppa-arquitectura.com&#8221; admin_title=&#8221;0803-7&#8243; _builder_version=&#8221;4.23.3&#8243; _module_preset=&#8221;default&#8221; background_color=&#8221;#FFFFFF&#8221; background_enable_color=&#8221;on&#8221; background_image=&#8221;https:\/\/pppa-arquitectura.com\/wp-content\/uploads\/2023\/12\/0803_07-copy-scaled.webp&#8221; background_enable_image=&#8221;on&#8221; global_colors_info=&#8221;{}&#8221; sticky_transition=&#8221;on&#8221;]Avenida Repatriamento dos Poveiros 273,<br \/>\n4490-404 P\u00f3voa de Varzim<br \/>\nTel. 91 096 04 52<br \/>\ngeral@pppa-arquitectura.com[\/et_pb_slide][et_pb_slide heading=&#8221;PPPA Arquitectura&#8221; button_text=&#8221;Contactar&#8221; button_link=&#8221;mailto:geral@pppa-arquitectura.com&#8221; admin_title=&#8221;0803-8&#8243; _builder_version=&#8221;4.23.3&#8243; _module_preset=&#8221;default&#8221; background_color=&#8221;#FFFFFF&#8221; background_enable_color=&#8221;on&#8221; background_image=&#8221;https:\/\/pppa-arquitectura.com\/wp-content\/uploads\/2023\/12\/0803_08-copy.webp&#8221; background_enable_image=&#8221;on&#8221; global_colors_info=&#8221;{}&#8221; sticky_transition=&#8221;on&#8221;]Avenida Repatriamento dos Poveiros 273,<br \/>\n4490-404 P\u00f3voa de Varzim<br \/>\nTel. 91 096 04 52<br \/>\ngeral@pppa-arquitectura.com[\/et_pb_slide][et_pb_slide heading=&#8221;PPPA Arquitectura&#8221; button_text=&#8221;Contactar&#8221; button_link=&#8221;mailto:geral@pppa-arquitectura.com&#8221; admin_title=&#8221;0808-1&#8243; _builder_version=&#8221;4.23.3&#8243; _module_preset=&#8221;default&#8221; background_color=&#8221;#FFFFFF&#8221; background_enable_color=&#8221;on&#8221; background_image=&#8221;https:\/\/pppa-arquitectura.com\/wp-content\/uploads\/2023\/12\/0808_01-copy-scaled.webp&#8221; background_enable_image=&#8221;on&#8221; global_colors_info=&#8221;{}&#8221; sticky_transition=&#8221;on&#8221;]Avenida Repatriamento dos Poveiros 273,<br \/>\n4490-404 P\u00f3voa de Varzim<br \/>\nTel. 91 096 04 52<br \/>\ngeral@pppa-arquitectura.com[\/et_pb_slide][et_pb_slide heading=&#8221;PPPA Arquitectura&#8221; button_text=&#8221;Contactar&#8221; button_link=&#8221;mailto:geral@pppa-arquitectura.com&#8221; admin_title=&#8221;0808-2&#8243; _builder_version=&#8221;4.23.3&#8243; _module_preset=&#8221;default&#8221; background_color=&#8221;#FFFFFF&#8221; background_enable_color=&#8221;on&#8221; background_image=&#8221;https:\/\/pppa-arquitectura.com\/wp-content\/uploads\/2023\/12\/0808_02-copy-scaled.webp&#8221; background_enable_image=&#8221;on&#8221; global_colors_info=&#8221;{}&#8221; sticky_transition=&#8221;on&#8221;]Avenida Repatriamento dos Poveiros 273,<br \/>\n4490-404 P\u00f3voa de Varzim<br \/>\nTel. 91 096 04 52<br \/>\ngeral@pppa-arquitectura.com[\/et_pb_slide][et_pb_slide heading=&#8221;PPPA Arquitectura&#8221; button_text=&#8221;Contactar&#8221; button_link=&#8221;mailto:geral@pppa-arquitectura.com&#8221; admin_title=&#8221;0909-1&#8243; _builder_version=&#8221;4.23.3&#8243; _module_preset=&#8221;default&#8221; background_color=&#8221;#FFFFFF&#8221; background_enable_color=&#8221;on&#8221; background_image=&#8221;https:\/\/pppa-arquitectura.com\/wp-content\/uploads\/2023\/12\/0909_01-copy.webp&#8221; background_enable_image=&#8221;on&#8221; global_colors_info=&#8221;{}&#8221; sticky_transition=&#8221;on&#8221;]Avenida Repatriamento dos Poveiros 273,<br \/>\n4490-404 P\u00f3voa de Varzim<br \/>\nTel. 91 096 04 52<br \/>\ngeral@pppa-arquitectura.com[\/et_pb_slide][et_pb_slide heading=&#8221;PPPA Arquitectura&#8221; button_text=&#8221;Contactar&#8221; button_link=&#8221;mailto:geral@pppa-arquitectura.com&#8221; admin_title=&#8221;0909-2&#8243; _builder_version=&#8221;4.23.3&#8243; _module_preset=&#8221;default&#8221; background_color=&#8221;#FFFFFF&#8221; background_enable_color=&#8221;on&#8221; background_image=&#8221;https:\/\/pppa-arquitectura.com\/wp-content\/uploads\/2023\/12\/0909_02-copy.webp&#8221; background_enable_image=&#8221;on&#8221; global_colors_info=&#8221;{}&#8221; sticky_transition=&#8221;on&#8221;]Avenida Repatriamento dos Poveiros 273,<br \/>\n4490-404 P\u00f3voa de Varzim<br \/>\nTel. 91 096 04 52<br \/>\ngeral@pppa-arquitectura.com[\/et_pb_slide][et_pb_slide heading=&#8221;PPPA Arquitectura&#8221; button_text=&#8221;Contactar&#8221; button_link=&#8221;mailto:geral@pppa-arquitectura.com&#8221; admin_title=&#8221;0909-3&#8243; _builder_version=&#8221;4.23.3&#8243; _module_preset=&#8221;default&#8221; background_color=&#8221;#FFFFFF&#8221; background_enable_color=&#8221;on&#8221; background_image=&#8221;https:\/\/pppa-arquitectura.com\/wp-content\/uploads\/2023\/12\/0909_03-copy.webp&#8221; background_enable_image=&#8221;on&#8221; global_colors_info=&#8221;{}&#8221; sticky_transition=&#8221;on&#8221;]Avenida Repatriamento dos Poveiros 273,<br \/>\n4490-404 P\u00f3voa de Varzim<br \/>\nTel. 91 096 04 52<br \/>\ngeral@pppa-arquitectura.com[\/et_pb_slide][et_pb_slide heading=&#8221;PPPA Arquitectura&#8221; button_text=&#8221;Contactar&#8221; button_link=&#8221;mailto:geral@pppa-arquitectura.com&#8221; admin_title=&#8221;1005-1&#8243; _builder_version=&#8221;4.23.3&#8243; _module_preset=&#8221;default&#8221; background_color=&#8221;#FFFFFF&#8221; background_enable_color=&#8221;on&#8221; background_image=&#8221;https:\/\/pppa-arquitectura.com\/wp-content\/uploads\/2023\/12\/1702573358015-copy-scaled.webp&#8221; background_enable_image=&#8221;on&#8221; global_colors_info=&#8221;{}&#8221; sticky_transition=&#8221;on&#8221;]Avenida Repatriamento dos Poveiros 273,<br \/>\n4490-404 P\u00f3voa de Varzim<br \/>\nTel. 91 096 04 52<br \/>\ngeral@pppa-arquitectura.com[\/et_pb_slide][et_pb_slide heading=&#8221;PPPA Arquitectura&#8221; button_text=&#8221;Contactar&#8221; button_link=&#8221;mailto:geral@pppa-arquitectura.com&#8221; admin_title=&#8221;1013-1&#8243; _builder_version=&#8221;4.23.3&#8243; _module_preset=&#8221;default&#8221; background_color=&#8221;#FFFFFF&#8221; background_enable_color=&#8221;on&#8221; background_image=&#8221;https:\/\/pppa-arquitectura.com\/wp-content\/uploads\/2023\/12\/1013_01-copy.webp&#8221; background_enable_image=&#8221;on&#8221; global_colors_info=&#8221;{}&#8221; sticky_transition=&#8221;on&#8221;]Avenida Repatriamento dos Poveiros 273,<br \/>\n4490-404 P\u00f3voa de Varzim<br \/>\nTel. 91 096 04 52<br \/>\ngeral@pppa-arquitectura.com[\/et_pb_slide][et_pb_slide heading=&#8221;PPPA Arquitectura&#8221; button_text=&#8221;Contactar&#8221; button_link=&#8221;mailto:geral@pppa-arquitectura.com&#8221; admin_title=&#8221;1013-2&#8243; _builder_version=&#8221;4.23.3&#8243; _module_preset=&#8221;default&#8221; background_color=&#8221;#FFFFFF&#8221; background_enable_color=&#8221;on&#8221; background_image=&#8221;https:\/\/pppa-arquitectura.com\/wp-content\/uploads\/2023\/12\/1013_02-copy.webp&#8221; background_enable_image=&#8221;on&#8221; global_colors_info=&#8221;{}&#8221; sticky_transition=&#8221;on&#8221;]Avenida Repatriamento dos Poveiros 273,<br \/>\n4490-404 P\u00f3voa de Varzim<br \/>\nTel. 91 096 04 52<br \/>\ngeral@pppa-arquitectura.com[\/et_pb_slide][et_pb_slide heading=&#8221;PPPA Arquitectura&#8221; button_text=&#8221;Contactar&#8221; button_link=&#8221;mailto:geral@pppa-arquitectura.com&#8221; admin_title=&#8221;Centro Desportivo Rev\u00f3&#8221; _builder_version=&#8221;4.23.3&#8243; _module_preset=&#8221;default&#8221; background_color=&#8221;#FFFFFF&#8221; background_enable_color=&#8221;on&#8221; background_image=&#8221;https:\/\/pppa-arquitectura.com\/wp-content\/uploads\/2023\/12\/vista-03-FINAL-copy.webp&#8221; background_enable_image=&#8221;on&#8221; global_colors_info=&#8221;{}&#8221; sticky_transition=&#8221;on&#8221;]Avenida Repatriamento dos Poveiros 273,<br \/>\n4490-404 P\u00f3voa de Varzim<br \/>\nTel. 91 096 04 52<br \/>\ngeral@pppa-arquitectura.com[\/et_pb_slide][et_pb_slide heading=&#8221;PPPA Arquitectura&#8221; button_text=&#8221;Contactar&#8221; button_link=&#8221;mailto:geral@pppa-arquitectura.com&#8221; admin_title=&#8221;21_Cinzeiro Origami copy&#8221; _builder_version=&#8221;4.23.3&#8243; _module_preset=&#8221;default&#8221; background_color=&#8221;#FFFFFF&#8221; background_enable_color=&#8221;on&#8221; background_image=&#8221;https:\/\/pppa-arquitectura.com\/wp-content\/uploads\/2023\/12\/21_Cinzeiro-Origami-copy.webp&#8221; background_enable_image=&#8221;on&#8221; global_colors_info=&#8221;{}&#8221; sticky_transition=&#8221;on&#8221;]Avenida Repatriamento dos Poveiros 273,<br \/>\n4490-404 P\u00f3voa de Varzim<br \/>\nTel. 91 096 04 52<br \/>\ngeral@pppa-arquitectura.com[\/et_pb_slide][\/et_pb_slider][\/et_pb_column][\/et_pb_row][\/et_pb_section]<\/p>\n","protected":false},"excerpt":{"rendered":"<p>Avenida Repatriamento dos Poveiros 273, 4490-404 P\u00f3voa de Varzim Tel. 91 096 04 52 geral@pppa-arquitectura.comAvenida Repatriamento dos Poveiros 273, 4490-404 P\u00f3voa de Varzim Tel. 91 096 04 52 geral@pppa-arquitectura.comAvenida Repatriamento dos Poveiros 273, 4490-404 P\u00f3voa de Varzim Tel. 91 096 04 52 geral@pppa-arquitectura.comAvenida Repatriamento dos Poveiros 273, 4490-404 P\u00f3voa de Varzim Tel. 91 096 04 [&hellip;]<\/p>\n","protected":false},"author":1,"featured_media":0,"parent":0,"menu_order":0,"comment_status":"closed","ping_status":"closed","template":"","meta":{"_et_pb_use_builder":"on","_et_pb_old_content":"","_et_gb_content_width":"","footnotes":""},"class_list":["post-18","page","type-page","status-publish","hentry"],"_links":{"self":[{"href":"https:\/\/pppa-arquitectura.com\/index.php\/wp-json\/wp\/v2\/pages\/18","targetHints":{"allow":["GET"]}}],"collection":[{"href":"https:\/\/pppa-arquitectura.com\/index.php\/wp-json\/wp\/v2\/pages"}],"about":[{"href":"https:\/\/pppa-arquitectura.com\/index.php\/wp-json\/wp\/v2\/types\/page"}],"author":[{"embeddable":true,"href":"https:\/\/pppa-arquitectura.com\/index.php\/wp-json\/wp\/v2\/users\/1"}],"replies":[{"embeddable":true,"href":"https:\/\/pppa-arquitectura.com\/index.php\/wp-json\/wp\/v2\/comments?post=18"}],"version-history":[{"count":0,"href":"https:\/\/pppa-arquitectura.com\/index.php\/wp-json\/wp\/v2\/pages\/18\/revisions"}],"wp:attachment":[{"href":"https:\/\/pppa-arquitectura.com\/index.php\/wp-json\/wp\/v2\/media?parent=18"}],"curies":[{"name":"wp","href":"https:\/\/api.w.org\/{rel}","templated":true}]}}